{"id":3,"date":"2025-02-11T07:36:11","date_gmt":"2025-02-11T07:36:11","guid":{"rendered":"https:\/\/aspio.it\/?page_id=3"},"modified":"2025-03-24T13:10:03","modified_gmt":"2025-03-24T13:10:03","slug":"termini-e-condizioni","status":"publish","type":"page","link":"https:\/\/aspio.it\/en\/termini-e-condizioni\/","title":{"rendered":"Terms and Conditions"},"content":{"rendered":"<div data-elementor-type=\"wp-page\" data-elementor-id=\"3\" class=\"elementor elementor-3\" data-elementor-post-type=\"page\">\n\t\t\t\t<div class=\"elementor-element elementor-element-796642b6 e-con-full e-flex e-con e-parent\" data-id=\"796642b6\" data-element_type=\"container\">\n\t\t\t\t<div class=\"elementor-element elementor-element-a446d7d elementor-widget elementor-widget-image\" data-id=\"a446d7d\" data-element_type=\"widget\" data-widget_type=\"image.default\">\n\t\t\t\t<div class=\"elementor-widget-container\">\n\t\t\t\t\t\t\t\t\t\t\t\t\t\t\t<img fetchpriority=\"high\" decoding=\"async\" width=\"1920\" height=\"1080\" src=\"https:\/\/aspio.it\/wp-content\/uploads\/2025\/02\/aspio-hotel-ancona-reception.webp\" class=\"attachment-full size-full wp-image-611\" alt=\"la reception dell hotel ASPIO\" srcset=\"https:\/\/aspio.it\/wp-content\/uploads\/2025\/02\/aspio-hotel-ancona-reception.webp 1920w, https:\/\/aspio.it\/wp-content\/uploads\/2025\/02\/aspio-hotel-ancona-reception-300x169.webp 300w, https:\/\/aspio.it\/wp-content\/uploads\/2025\/02\/aspio-hotel-ancona-reception-1024x576.webp 1024w, https:\/\/aspio.it\/wp-content\/uploads\/2025\/02\/aspio-hotel-ancona-reception-768x432.webp 768w, https:\/\/aspio.it\/wp-content\/uploads\/2025\/02\/aspio-hotel-ancona-reception-1536x864.webp 1536w\" sizes=\"(max-width: 1920px) 100vw, 1920px\" \/>\t\t\t\t\t\t\t\t\t\t\t\t\t\t\t<\/div>\n\t\t\t\t<\/div>\n\t\t\t\t<\/div>\n\t\t<div class=\"elementor-element elementor-element-d6bf345 e-flex e-con-boxed e-con e-parent\" data-id=\"d6bf345\" data-element_type=\"container\">\n\t\t\t\t\t<div class=\"e-con-inner\">\n\t\t\t\t<div class=\"elementor-element elementor-element-f5a8c78 elementor-widget elementor-widget-heading\" data-id=\"f5a8c78\" data-element_type=\"widget\" data-widget_type=\"heading.default\">\n\t\t\t\t<div class=\"elementor-widget-container\">\n\t\t\t\t\t<h1 class=\"elementor-heading-title elementor-size-default\">Terms and Conditions<\/h1>\t\t\t\t<\/div>\n\t\t\t\t<\/div>\n\t\t\t\t<div class=\"elementor-element elementor-element-f85934e elementor-widget elementor-widget-text-editor\" data-id=\"f85934e\" data-element_type=\"widget\" data-widget_type=\"text-editor.default\">\n\t\t\t\t<div class=\"elementor-widget-container\">\n\t\t\t\t\t\t\t\t\t<p>L\u2019accettazione del preventivo comporta l\u2019aver preso visione ed accettato i termini e le condizioni qui riportate.<\/p>\t\t\t\t\t\t\t\t<\/div>\n\t\t\t\t<\/div>\n\t\t\t\t<div class=\"elementor-element elementor-element-8a4f8c4 elementor-widget elementor-widget-text-editor\" data-id=\"8a4f8c4\" data-element_type=\"widget\" data-widget_type=\"text-editor.default\">\n\t\t\t\t<div class=\"elementor-widget-container\">\n\t\t\t\t\t\t\t\t\t<h2>Cancellation Policies<\/h2>\n<p><!-- \/wp:heading --><!-- wp:paragraph --><\/p>\n<p>Le richieste di cancellazione dovranno pervenire obbligatoriamente via e-mail all\u2019indirizzo <a href=\"mailto:info@aspio.it\">info@aspio.it<\/a><\/p>\n<p><!-- \/wp:paragraph --><!-- wp:heading --><\/p>\n<h2 class=\"wp-block-heading\"><strong>Standard rate<\/strong><\/h2>\n<p><!-- \/wp:heading --><!-- wp:paragraph --><\/p>\n<ul>\n<li>Cancellazione entro le ore 12:00 di due giorni prima dell\u2019arrivo: gratuita;<\/li>\n<li>Cancellazione dopo le ore 12:00 di due giorni prima dell\u2019arrivo: penale del 50% dell\u2019importo del soggiorno;<\/li>\n<li>Cancellazione o mancata presentazione il giorno stesso dell\u2019arrivo: penale del 100% dell\u2019importo del soggiorno.<\/li>\n<\/ul>\n<p>\u00a0<\/p>\n<hr \/>\n<p>\u00a0<\/p>\n<h2>Non-refundable rate<\/h2>\n<p>In caso di modifiche o cancellazione della prenotazione sar\u00e0 applicata la penale del 100% dell&#8217;importo del soggiorno.<\/p>\n<p><!-- \/wp:paragraph --><\/p>\t\t\t\t\t\t\t\t<\/div>\n\t\t\t\t<\/div>\n\t\t\t\t<div class=\"elementor-element elementor-element-5be7c1b elementor-widget elementor-widget-text-editor\" data-id=\"5be7c1b\" data-element_type=\"widget\" data-widget_type=\"text-editor.default\">\n\t\t\t\t<div class=\"elementor-widget-container\">\n\t\t\t\t\t\t\t\t\t<h2 class=\"wp-block-heading\">Request for modification of the dates of stay<\/h2>\n<p><!-- \/wp:heading --><!-- wp:paragraph --><\/p>\n<p>In caso di modifiche delle date, il prezzo del soggiorno verr\u00e0 adeguato alla tariffa attiva nel giorno della richiesta di modifica. Potr\u00e0 essere richiesta la modifica delle date solo se la prenotazione \u00e8 avvenuta direttamente con la struttura e comunicata alla stessa necessariamente via e-mail all\u2019indirizzo<a href=\"mailto:info@aspio.it\"> info@aspio.it<\/a><\/p>\n<p><!-- \/wp:paragraph --><!-- wp:heading --><\/p>\n<p><!-- \/wp:paragraph --><\/p>\t\t\t\t\t\t\t\t<\/div>\n\t\t\t\t<\/div>\n\t\t\t\t<div class=\"elementor-element elementor-element-4d0bdbd elementor-widget elementor-widget-text-editor\" data-id=\"4d0bdbd\" data-element_type=\"widget\" data-widget_type=\"text-editor.default\">\n\t\t\t\t<div class=\"elementor-widget-container\">\n\t\t\t\t\t\t\t\t\t<h2 class=\"wp-block-heading\">Prima dell&#8217;arrivo<\/h2>\n<p><!-- \/wp:heading --><!-- wp:paragraph --><\/p>\n<p><!-- \/wp:heading --><!-- wp:paragraph --><\/p>\n<p>Entro 2 giorni prima dell\u2019arrivo sar\u00e0 necessario:<\/p>\n<p>Compilare il check-in on line mediante il link inviato dalla struttura, inserendo i dati anagrafici di tutti i componenti e il codice fiscale dell\u2019intestatario della prenotazione;<br \/>Effettuare il saldo totale del soggiorno ad esclusione della tassa di soggiorno da pagare in loco. In mancanza del saldo entro 2 giorni prima la prenotazione sar\u00e0 annullata.<\/p>\n<p><!-- \/wp:paragraph --><\/p>\t\t\t\t\t\t\t\t<\/div>\n\t\t\t\t<\/div>\n\t\t\t\t<div class=\"elementor-element elementor-element-ae233cf elementor-widget elementor-widget-text-editor\" data-id=\"ae233cf\" data-element_type=\"widget\" data-widget_type=\"text-editor.default\">\n\t\t\t\t<div class=\"elementor-widget-container\">\n\t\t\t\t\t\t\t\t\t<h2 class=\"wp-block-heading\">Lost and Found Service<\/h2>\n<p><!-- \/wp:heading --><!-- wp:paragraph --><\/p>\n<p><!-- \/wp:heading --><!-- wp:paragraph --><\/p>\n<p>La struttura offre un servizio Lost and Found. La reception contatter\u00e0 i clienti per informarli di eventuali oggetti lasciati dopo il loro soggiorno.<br \/>Items will be stored for a maximum of 60 days.<\/p>\n<p><!-- \/wp:paragraph --><\/p>\t\t\t\t\t\t\t\t<\/div>\n\t\t\t\t<\/div>\n\t\t\t\t\t<\/div>\n\t\t\t\t<\/div>\n\t\t\t\t<\/div>","protected":false},"excerpt":{"rendered":"<p>Termini e condizioni L\u2019accettazione del preventivo comporta l\u2019aver preso visione ed accettato i termini e le condizioni qui riportate. Politiche di cancellazione Le richieste di cancellazione dovranno pervenire obbligatoriamente via e-mail all\u2019indirizzo info@aspio.it Tariffa Standard Cancellazione entro le ore 12:00 di due giorni prima dell\u2019arrivo: gratuita; Cancellazione dopo le ore 12:00 di due giorni prima [&hellip;]<\/p>","protected":false},"author":1,"featured_media":0,"parent":0,"menu_order":0,"comment_status":"closed","ping_status":"closed","template":"","meta":{"_acf_changed":false,"_themeisle_gutenberg_block_has_review":false,"footnotes":""},"class_list":["post-3","page","type-page","status-publish","hentry"],"acf":[],"yoast_head":"<!-- This site is optimized with the Yoast SEO plugin v26.4 - https:\/\/yoast.com\/wordpress\/plugins\/seo\/ -->\n<title>Termini e condizioni - Aspio Hotel<\/title>\n<meta name=\"robots\" content=\"index, follow, max-snippet:-1, max-image-preview:large, max-video-preview:-1\" \/>\n<link rel=\"canonical\" href=\"https:\/\/aspio.it\/en\/termini-e-condizioni\/\" \/>\n<meta property=\"og:locale\" content=\"en_US\" \/>\n<meta property=\"og:type\" content=\"article\" \/>\n<meta property=\"og:title\" content=\"Termini e condizioni - Aspio Hotel\" \/>\n<meta property=\"og:description\" content=\"Termini e condizioni L\u2019accettazione del preventivo comporta l\u2019aver preso visione ed accettato i termini e le condizioni qui riportate. Politiche di cancellazione Le richieste di cancellazione dovranno pervenire obbligatoriamente via e-mail all\u2019indirizzo info@aspio.it Tariffa Standard Cancellazione entro le ore 12:00 di due giorni prima dell\u2019arrivo: gratuita; Cancellazione dopo le ore 12:00 di due giorni prima [&hellip;]\" \/>\n<meta property=\"og:url\" content=\"https:\/\/aspio.it\/en\/termini-e-condizioni\/\" \/>\n<meta property=\"og:site_name\" content=\"Aspio Hotel\" \/>\n<meta property=\"article:publisher\" content=\"https:\/\/www.facebook.com\/profile.php?id=61573547035042\" \/>\n<meta property=\"article:modified_time\" content=\"2025-03-24T13:10:03+00:00\" \/>\n<meta property=\"og:image\" content=\"https:\/\/aspio.it\/wp-content\/uploads\/2025\/02\/aspio-hotel-ancona-reception.webp\" \/>\n\t<meta property=\"og:image:width\" content=\"1920\" \/>\n\t<meta property=\"og:image:height\" content=\"1080\" \/>\n\t<meta property=\"og:image:type\" content=\"image\/webp\" \/>\n<meta name=\"twitter:card\" content=\"summary_large_image\" \/>\n<meta name=\"twitter:label1\" content=\"Est. reading time\" \/>\n\t<meta name=\"twitter:data1\" content=\"2 minutes\" \/>\n<script type=\"application\/ld+json\" class=\"yoast-schema-graph\">{\"@context\":\"https:\/\/schema.org\",\"@graph\":[{\"@type\":\"WebPage\",\"@id\":\"https:\/\/aspio.it\/termini-e-condizioni\/\",\"url\":\"https:\/\/aspio.it\/termini-e-condizioni\/\",\"name\":\"Termini e condizioni - Aspio Hotel\",\"isPartOf\":{\"@id\":\"https:\/\/aspio.it\/#website\"},\"primaryImageOfPage\":{\"@id\":\"https:\/\/aspio.it\/termini-e-condizioni\/#primaryimage\"},\"image\":{\"@id\":\"https:\/\/aspio.it\/termini-e-condizioni\/#primaryimage\"},\"thumbnailUrl\":\"https:\/\/aspio.it\/wp-content\/uploads\/2025\/02\/aspio-hotel-ancona-reception.webp\",\"datePublished\":\"2025-02-11T07:36:11+00:00\",\"dateModified\":\"2025-03-24T13:10:03+00:00\",\"breadcrumb\":{\"@id\":\"https:\/\/aspio.it\/termini-e-condizioni\/#breadcrumb\"},\"inLanguage\":\"en-US\",\"potentialAction\":[{\"@type\":\"ReadAction\",\"target\":[\"https:\/\/aspio.it\/termini-e-condizioni\/\"]}]},{\"@type\":\"ImageObject\",\"inLanguage\":\"en-US\",\"@id\":\"https:\/\/aspio.it\/termini-e-condizioni\/#primaryimage\",\"url\":\"https:\/\/aspio.it\/wp-content\/uploads\/2025\/02\/aspio-hotel-ancona-reception.webp\",\"contentUrl\":\"https:\/\/aspio.it\/wp-content\/uploads\/2025\/02\/aspio-hotel-ancona-reception.webp\"},{\"@type\":\"BreadcrumbList\",\"@id\":\"https:\/\/aspio.it\/termini-e-condizioni\/#breadcrumb\",\"itemListElement\":[{\"@type\":\"ListItem\",\"position\":1,\"name\":\"Home\",\"item\":\"https:\/\/aspio.it\/\"},{\"@type\":\"ListItem\",\"position\":2,\"name\":\"Termini e condizioni\"}]},{\"@type\":\"WebSite\",\"@id\":\"https:\/\/aspio.it\/#website\",\"url\":\"https:\/\/aspio.it\/\",\"name\":\"Aspio hotel&bakery\",\"description\":\"\",\"publisher\":{\"@id\":\"https:\/\/aspio.it\/#organization\"},\"alternateName\":\"Aspio\",\"potentialAction\":[{\"@type\":\"SearchAction\",\"target\":{\"@type\":\"EntryPoint\",\"urlTemplate\":\"https:\/\/aspio.it\/?s={search_term_string}\"},\"query-input\":{\"@type\":\"PropertyValueSpecification\",\"valueRequired\":true,\"valueName\":\"search_term_string\"}}],\"inLanguage\":\"en-US\"},{\"@type\":\"Organization\",\"@id\":\"https:\/\/aspio.it\/#organization\",\"name\":\"Aspio hotel & bakery\",\"alternateName\":\"Aspio\",\"url\":\"https:\/\/aspio.it\/\",\"logo\":{\"@type\":\"ImageObject\",\"inLanguage\":\"en-US\",\"@id\":\"https:\/\/aspio.it\/#\/schema\/logo\/image\/\",\"url\":\"https:\/\/aspio.it\/wp-content\/uploads\/2025\/03\/logo-aspio-hotel.png\",\"contentUrl\":\"https:\/\/aspio.it\/wp-content\/uploads\/2025\/03\/logo-aspio-hotel.png\",\"width\":956,\"height\":330,\"caption\":\"Aspio hotel & bakery\"},\"image\":{\"@id\":\"https:\/\/aspio.it\/#\/schema\/logo\/image\/\"},\"sameAs\":[\"https:\/\/www.facebook.com\/profile.php?id=61573547035042\",\"https:\/\/www.instagram.com\/aspio_hotelandbakery\"]}]}<\/script>\n<!-- \/ Yoast SEO plugin. -->","yoast_head_json":{"title":"Termini e condizioni - Aspio Hotel","robots":{"index":"index","follow":"follow","max-snippet":"max-snippet:-1","max-image-preview":"max-image-preview:large","max-video-preview":"max-video-preview:-1"},"canonical":"https:\/\/aspio.it\/en\/termini-e-condizioni\/","og_locale":"en_US","og_type":"article","og_title":"Termini e condizioni - Aspio Hotel","og_description":"Termini e condizioni L\u2019accettazione del preventivo comporta l\u2019aver preso visione ed accettato i termini e le condizioni qui riportate. Politiche di cancellazione Le richieste di cancellazione dovranno pervenire obbligatoriamente via e-mail all\u2019indirizzo info@aspio.it Tariffa Standard Cancellazione entro le ore 12:00 di due giorni prima dell\u2019arrivo: gratuita; Cancellazione dopo le ore 12:00 di due giorni prima [&hellip;]","og_url":"https:\/\/aspio.it\/en\/termini-e-condizioni\/","og_site_name":"Aspio Hotel","article_publisher":"https:\/\/www.facebook.com\/profile.php?id=61573547035042","article_modified_time":"2025-03-24T13:10:03+00:00","og_image":[{"width":1920,"height":1080,"url":"https:\/\/aspio.it\/wp-content\/uploads\/2025\/02\/aspio-hotel-ancona-reception.webp","type":"image\/webp"}],"twitter_card":"summary_large_image","twitter_misc":{"Est. reading time":"2 minutes"},"schema":{"@context":"https:\/\/schema.org","@graph":[{"@type":"WebPage","@id":"https:\/\/aspio.it\/termini-e-condizioni\/","url":"https:\/\/aspio.it\/termini-e-condizioni\/","name":"Termini e condizioni - Aspio Hotel","isPartOf":{"@id":"https:\/\/aspio.it\/#website"},"primaryImageOfPage":{"@id":"https:\/\/aspio.it\/termini-e-condizioni\/#primaryimage"},"image":{"@id":"https:\/\/aspio.it\/termini-e-condizioni\/#primaryimage"},"thumbnailUrl":"https:\/\/aspio.it\/wp-content\/uploads\/2025\/02\/aspio-hotel-ancona-reception.webp","datePublished":"2025-02-11T07:36:11+00:00","dateModified":"2025-03-24T13:10:03+00:00","breadcrumb":{"@id":"https:\/\/aspio.it\/termini-e-condizioni\/#breadcrumb"},"inLanguage":"en-US","potentialAction":[{"@type":"ReadAction","target":["https:\/\/aspio.it\/termini-e-condizioni\/"]}]},{"@type":"ImageObject","inLanguage":"en-US","@id":"https:\/\/aspio.it\/termini-e-condizioni\/#primaryimage","url":"https:\/\/aspio.it\/wp-content\/uploads\/2025\/02\/aspio-hotel-ancona-reception.webp","contentUrl":"https:\/\/aspio.it\/wp-content\/uploads\/2025\/02\/aspio-hotel-ancona-reception.webp"},{"@type":"BreadcrumbList","@id":"https:\/\/aspio.it\/termini-e-condizioni\/#breadcrumb","itemListElement":[{"@type":"ListItem","position":1,"name":"Home","item":"https:\/\/aspio.it\/"},{"@type":"ListItem","position":2,"name":"Termini e condizioni"}]},{"@type":"WebSite","@id":"https:\/\/aspio.it\/#website","url":"https:\/\/aspio.it\/","name":"Aspio hotel&bakery","description":"","publisher":{"@id":"https:\/\/aspio.it\/#organization"},"alternateName":"Aspio","potentialAction":[{"@type":"SearchAction","target":{"@type":"EntryPoint","urlTemplate":"https:\/\/aspio.it\/?s={search_term_string}"},"query-input":{"@type":"PropertyValueSpecification","valueRequired":true,"valueName":"search_term_string"}}],"inLanguage":"en-US"},{"@type":"Organization","@id":"https:\/\/aspio.it\/#organization","name":"Aspio hotel & bakery","alternateName":"Aspio","url":"https:\/\/aspio.it\/","logo":{"@type":"ImageObject","inLanguage":"en-US","@id":"https:\/\/aspio.it\/#\/schema\/logo\/image\/","url":"https:\/\/aspio.it\/wp-content\/uploads\/2025\/03\/logo-aspio-hotel.png","contentUrl":"https:\/\/aspio.it\/wp-content\/uploads\/2025\/03\/logo-aspio-hotel.png","width":956,"height":330,"caption":"Aspio hotel & bakery"},"image":{"@id":"https:\/\/aspio.it\/#\/schema\/logo\/image\/"},"sameAs":["https:\/\/www.facebook.com\/profile.php?id=61573547035042","https:\/\/www.instagram.com\/aspio_hotelandbakery"]}]}},"_links":{"self":[{"href":"https:\/\/aspio.it\/en\/wp-json\/wp\/v2\/pages\/3","targetHints":{"allow":["GET"]}}],"collection":[{"href":"https:\/\/aspio.it\/en\/wp-json\/wp\/v2\/pages"}],"about":[{"href":"https:\/\/aspio.it\/en\/wp-json\/wp\/v2\/types\/page"}],"author":[{"embeddable":true,"href":"https:\/\/aspio.it\/en\/wp-json\/wp\/v2\/users\/1"}],"replies":[{"embeddable":true,"href":"https:\/\/aspio.it\/en\/wp-json\/wp\/v2\/comments?post=3"}],"version-history":[{"count":12,"href":"https:\/\/aspio.it\/en\/wp-json\/wp\/v2\/pages\/3\/revisions"}],"predecessor-version":[{"id":1193,"href":"https:\/\/aspio.it\/en\/wp-json\/wp\/v2\/pages\/3\/revisions\/1193"}],"wp:attachment":[{"href":"https:\/\/aspio.it\/en\/wp-json\/wp\/v2\/media?parent=3"}],"curies":[{"name":"wp","href":"https:\/\/api.w.org\/{rel}","templated":true}]}}